{"id":11266,"date":"2025-10-07T11:11:30","date_gmt":"2025-10-07T09:11:30","guid":{"rendered":"https:\/\/www.bastidapelletteria.com\/main\/?post_type=product&#038;p=11266"},"modified":"2025-10-10T10:42:42","modified_gmt":"2025-10-10T08:42:42","slug":"borsa-a-tracolla-piccola-baby-love-bag-puff-in-nappa-trapuntata","status":"publish","type":"product","link":"https:\/\/www.bastidapelletteria.com\/main\/prodotto\/borsa-a-tracolla-piccola-baby-love-bag-puff-in-nappa-trapuntata\/","title":{"rendered":"Borsa a tracolla piccola Baby Love Bag Puff in nappa trapuntata"},"content":{"rendered":"<p>Borsa piccola a tracolla Baby Love Bag Puff in morbida nappa lavorata con maxi trapuntatura dal caratteristico pattern obliquo. La patta che chiude la borsa \u00e8 personalizzata con fibbia in metallo Love Birds Diamond Cut. L&#8217;interno \u00e8 foderato in microfibra scamosciata e comprende tasca a parete chiusa con zip. La borsa \u00e8 completa di tracolla sottile a catena in metallo. Le dimensioni e i dettagli della borsa la rendono perfetta sia per le occasioni specaili, che per dare un tocco d&#8217;eleganza ai look pi\u00f9 quotidiani. Attiva la tua borsa PINKO: verifica l&#8217;autenticit\u00e0 del tuo prodotto e accedi all&#8217;esperienza personalizzata avvicinando il tuo smartphone al ricamo Love Birds che trovi sul retro della borsa!<\/p>\n<p>Pelle: PELLE DI PECORA 100% &#8211; Fodera: COTONE 100% &#8211; Accessorio: Zinco 100%<\/p>\n<p>Altezza: 13 cm<br \/>\nLarghezza: 7 cm<br \/>\nLunghezza: 18 cm<\/p>\n","protected":false},"excerpt":{"rendered":"<p>Borsa piccola a tracolla Baby Love Bag Puff in morbida nappa lavorata con maxi trapuntatura dal caratteristico pattern obliquo.<\/p>\n","protected":false},"featured_media":11267,"comment_status":"closed","ping_status":"closed","template":"","meta":[],"product_cat":[65],"product_tag":[510,509,244,500,511],"class_list":{"0":"post-11266","1":"product","2":"type-product","3":"status-publish","4":"has-post-thumbnail","6":"product_brand-pinko","7":"product_cat-borse","8":"product_tag-baby","9":"product_tag-baby-love","10":"product_tag-borsa-a-tracolla","11":"product_tag-love","12":"product_tag-trapuntata","14":"first","15":"instock","16":"sold-individually","17":"shipping-taxable","18":"purchasable","19":"product-type-simple"},"yoast_head":"<!-- This site is optimized with the Yoast SEO plugin v27.2 - https:\/\/yoast.com\/product\/yoast-seo-wordpress\/ -->\n<title>Borsa a tracolla piccola Baby Love Bag Puff in nappa trapuntata - Bastida Pelletteria Foligno<\/title>\n<meta name=\"description\" content=\"Borsa piccola a tracolla Baby Love Bag Puff in morbida nappa lavorata con maxi trapuntatura dal caratteristico pattern obliquo\" \/>\n<meta name=\"robots\" content=\"index, follow, max-snippet:-1, max-image-preview:large, max-video-preview:-1\" \/>\n<link rel=\"canonical\" href=\"https:\/\/www.bastidapelletteria.com\/main\/prodotto\/borsa-a-tracolla-piccola-baby-love-bag-puff-in-nappa-trapuntata\/\" \/>\n<meta property=\"og:locale\" content=\"it_IT\" \/>\n<meta property=\"og:type\" content=\"article\" \/>\n<meta property=\"og:title\" content=\"Borsa a tracolla piccola Baby Love Bag Puff in nappa trapuntata - Bastida Pelletteria Foligno\" \/>\n<meta property=\"og:description\" content=\"Borsa piccola a tracolla Baby Love Bag Puff in morbida nappa lavorata con maxi trapuntatura dal caratteristico pattern obliquo\" \/>\n<meta property=\"og:url\" content=\"https:\/\/www.bastidapelletteria.com\/main\/prodotto\/borsa-a-tracolla-piccola-baby-love-bag-puff-in-nappa-trapuntata\/\" \/>\n<meta property=\"og:site_name\" content=\"Bastida Pelletteria Foligno\" \/>\n<meta property=\"article:publisher\" content=\"https:\/\/www.facebook.com\/bastida.pelletteria\/\" \/>\n<meta property=\"article:modified_time\" content=\"2025-10-10T08:42:42+00:00\" \/>\n<meta property=\"og:image\" content=\"https:\/\/www.bastidapelletteria.com\/main\/wp-content\/uploads\/2025\/10\/f-3.webp\" \/>\n\t<meta property=\"og:image:width\" content=\"1000\" \/>\n\t<meta property=\"og:image:height\" content=\"1250\" \/>\n\t<meta property=\"og:image:type\" content=\"image\/webp\" \/>\n<meta name=\"twitter:card\" content=\"summary_large_image\" \/>\n<meta name=\"twitter:label1\" content=\"Tempo di lettura stimato\" \/>\n\t<meta name=\"twitter:data1\" content=\"1 minuto\" \/>\n<script type=\"application\/ld+json\" class=\"yoast-schema-graph\">{\"@context\":\"https:\/\/schema.org\",\"@graph\":[{\"@type\":\"WebPage\",\"@id\":\"https:\/\/www.bastidapelletteria.com\/main\/prodotto\/borsa-a-tracolla-piccola-baby-love-bag-puff-in-nappa-trapuntata\/\",\"url\":\"https:\/\/www.bastidapelletteria.com\/main\/prodotto\/borsa-a-tracolla-piccola-baby-love-bag-puff-in-nappa-trapuntata\/\",\"name\":\"Borsa a tracolla piccola Baby Love Bag Puff in nappa trapuntata - Bastida Pelletteria Foligno\",\"isPartOf\":{\"@id\":\"https:\/\/www.bastidapelletteria.com\/main\/#website\"},\"primaryImageOfPage\":{\"@id\":\"https:\/\/www.bastidapelletteria.com\/main\/prodotto\/borsa-a-tracolla-piccola-baby-love-bag-puff-in-nappa-trapuntata\/#primaryimage\"},\"image\":{\"@id\":\"https:\/\/www.bastidapelletteria.com\/main\/prodotto\/borsa-a-tracolla-piccola-baby-love-bag-puff-in-nappa-trapuntata\/#primaryimage\"},\"thumbnailUrl\":\"https:\/\/www.bastidapelletteria.com\/main\/wp-content\/uploads\/2025\/10\/f-3.webp\",\"datePublished\":\"2025-10-07T09:11:30+00:00\",\"dateModified\":\"2025-10-10T08:42:42+00:00\",\"description\":\"Borsa piccola a tracolla Baby Love Bag Puff in morbida nappa lavorata con maxi trapuntatura dal caratteristico pattern obliquo\",\"breadcrumb\":{\"@id\":\"https:\/\/www.bastidapelletteria.com\/main\/prodotto\/borsa-a-tracolla-piccola-baby-love-bag-puff-in-nappa-trapuntata\/#breadcrumb\"},\"inLanguage\":\"it-IT\",\"potentialAction\":[{\"@type\":\"ReadAction\",\"target\":[\"https:\/\/www.bastidapelletteria.com\/main\/prodotto\/borsa-a-tracolla-piccola-baby-love-bag-puff-in-nappa-trapuntata\/\"]}]},{\"@type\":\"ImageObject\",\"inLanguage\":\"it-IT\",\"@id\":\"https:\/\/www.bastidapelletteria.com\/main\/prodotto\/borsa-a-tracolla-piccola-baby-love-bag-puff-in-nappa-trapuntata\/#primaryimage\",\"url\":\"https:\/\/www.bastidapelletteria.com\/main\/wp-content\/uploads\/2025\/10\/f-3.webp\",\"contentUrl\":\"https:\/\/www.bastidapelletteria.com\/main\/wp-content\/uploads\/2025\/10\/f-3.webp\",\"width\":1000,\"height\":1250,\"caption\":\"Borsa piccola a tracolla Baby Love Bag Puff in morbida nappa lavorata con maxi trapuntatura dal caratteristico pattern obliquo\"},{\"@type\":\"BreadcrumbList\",\"@id\":\"https:\/\/www.bastidapelletteria.com\/main\/prodotto\/borsa-a-tracolla-piccola-baby-love-bag-puff-in-nappa-trapuntata\/#breadcrumb\",\"itemListElement\":[{\"@type\":\"ListItem\",\"position\":1,\"name\":\"Home\",\"item\":\"https:\/\/www.bastidapelletteria.com\/main\/\"},{\"@type\":\"ListItem\",\"position\":2,\"name\":\"Shop\",\"item\":\"https:\/\/www.bastidapelletteria.com\/main\/negozio\/\"},{\"@type\":\"ListItem\",\"position\":3,\"name\":\"Borsa a tracolla piccola Baby Love Bag Puff in nappa trapuntata\"}]},{\"@type\":\"WebSite\",\"@id\":\"https:\/\/www.bastidapelletteria.com\/main\/#website\",\"url\":\"https:\/\/www.bastidapelletteria.com\/main\/\",\"name\":\"Bastida Pelletteria Foligno\",\"description\":\"negozio online di pelletteria, valigeria, borse e accessori dei migliori marchi\",\"publisher\":{\"@id\":\"https:\/\/www.bastidapelletteria.com\/main\/#organization\"},\"potentialAction\":[{\"@type\":\"SearchAction\",\"target\":{\"@type\":\"EntryPoint\",\"urlTemplate\":\"https:\/\/www.bastidapelletteria.com\/main\/?s={search_term_string}\"},\"query-input\":{\"@type\":\"PropertyValueSpecification\",\"valueRequired\":true,\"valueName\":\"search_term_string\"}}],\"inLanguage\":\"it-IT\"},{\"@type\":\"Organization\",\"@id\":\"https:\/\/www.bastidapelletteria.com\/main\/#organization\",\"name\":\"Bastida Pelletteria\",\"url\":\"https:\/\/www.bastidapelletteria.com\/main\/\",\"logo\":{\"@type\":\"ImageObject\",\"inLanguage\":\"it-IT\",\"@id\":\"https:\/\/www.bastidapelletteria.com\/main\/#\/schema\/logo\/image\/\",\"url\":\"https:\/\/www.bastidapelletteria.com\/main\/wp-content\/uploads\/2017\/03\/logo-best.png\",\"contentUrl\":\"https:\/\/www.bastidapelletteria.com\/main\/wp-content\/uploads\/2017\/03\/logo-best.png\",\"width\":367,\"height\":98,\"caption\":\"Bastida Pelletteria\"},\"image\":{\"@id\":\"https:\/\/www.bastidapelletteria.com\/main\/#\/schema\/logo\/image\/\"},\"sameAs\":[\"https:\/\/www.facebook.com\/bastida.pelletteria\/\",\"https:\/\/www.instagram.com\/bastidapelletteria\/\"]}]}<\/script>\n<!-- \/ Yoast SEO plugin. -->","yoast_head_json":{"title":"Borsa a tracolla piccola Baby Love Bag Puff in nappa trapuntata - Bastida Pelletteria Foligno","description":"Borsa piccola a tracolla Baby Love Bag Puff in morbida nappa lavorata con maxi trapuntatura dal caratteristico pattern obliquo","robots":{"index":"index","follow":"follow","max-snippet":"max-snippet:-1","max-image-preview":"max-image-preview:large","max-video-preview":"max-video-preview:-1"},"canonical":"https:\/\/www.bastidapelletteria.com\/main\/prodotto\/borsa-a-tracolla-piccola-baby-love-bag-puff-in-nappa-trapuntata\/","og_locale":"it_IT","og_type":"article","og_title":"Borsa a tracolla piccola Baby Love Bag Puff in nappa trapuntata - Bastida Pelletteria Foligno","og_description":"Borsa piccola a tracolla Baby Love Bag Puff in morbida nappa lavorata con maxi trapuntatura dal caratteristico pattern obliquo","og_url":"https:\/\/www.bastidapelletteria.com\/main\/prodotto\/borsa-a-tracolla-piccola-baby-love-bag-puff-in-nappa-trapuntata\/","og_site_name":"Bastida Pelletteria Foligno","article_publisher":"https:\/\/www.facebook.com\/bastida.pelletteria\/","article_modified_time":"2025-10-10T08:42:42+00:00","og_image":[{"width":1000,"height":1250,"url":"https:\/\/www.bastidapelletteria.com\/main\/wp-content\/uploads\/2025\/10\/f-3.webp","type":"image\/webp"}],"twitter_card":"summary_large_image","twitter_misc":{"Tempo di lettura stimato":"1 minuto"},"schema":{"@context":"https:\/\/schema.org","@graph":[{"@type":"WebPage","@id":"https:\/\/www.bastidapelletteria.com\/main\/prodotto\/borsa-a-tracolla-piccola-baby-love-bag-puff-in-nappa-trapuntata\/","url":"https:\/\/www.bastidapelletteria.com\/main\/prodotto\/borsa-a-tracolla-piccola-baby-love-bag-puff-in-nappa-trapuntata\/","name":"Borsa a tracolla piccola Baby Love Bag Puff in nappa trapuntata - Bastida Pelletteria Foligno","isPartOf":{"@id":"https:\/\/www.bastidapelletteria.com\/main\/#website"},"primaryImageOfPage":{"@id":"https:\/\/www.bastidapelletteria.com\/main\/prodotto\/borsa-a-tracolla-piccola-baby-love-bag-puff-in-nappa-trapuntata\/#primaryimage"},"image":{"@id":"https:\/\/www.bastidapelletteria.com\/main\/prodotto\/borsa-a-tracolla-piccola-baby-love-bag-puff-in-nappa-trapuntata\/#primaryimage"},"thumbnailUrl":"https:\/\/www.bastidapelletteria.com\/main\/wp-content\/uploads\/2025\/10\/f-3.webp","datePublished":"2025-10-07T09:11:30+00:00","dateModified":"2025-10-10T08:42:42+00:00","description":"Borsa piccola a tracolla Baby Love Bag Puff in morbida nappa lavorata con maxi trapuntatura dal caratteristico pattern obliquo","breadcrumb":{"@id":"https:\/\/www.bastidapelletteria.com\/main\/prodotto\/borsa-a-tracolla-piccola-baby-love-bag-puff-in-nappa-trapuntata\/#breadcrumb"},"inLanguage":"it-IT","potentialAction":[{"@type":"ReadAction","target":["https:\/\/www.bastidapelletteria.com\/main\/prodotto\/borsa-a-tracolla-piccola-baby-love-bag-puff-in-nappa-trapuntata\/"]}]},{"@type":"ImageObject","inLanguage":"it-IT","@id":"https:\/\/www.bastidapelletteria.com\/main\/prodotto\/borsa-a-tracolla-piccola-baby-love-bag-puff-in-nappa-trapuntata\/#primaryimage","url":"https:\/\/www.bastidapelletteria.com\/main\/wp-content\/uploads\/2025\/10\/f-3.webp","contentUrl":"https:\/\/www.bastidapelletteria.com\/main\/wp-content\/uploads\/2025\/10\/f-3.webp","width":1000,"height":1250,"caption":"Borsa piccola a tracolla Baby Love Bag Puff in morbida nappa lavorata con maxi trapuntatura dal caratteristico pattern obliquo"},{"@type":"BreadcrumbList","@id":"https:\/\/www.bastidapelletteria.com\/main\/prodotto\/borsa-a-tracolla-piccola-baby-love-bag-puff-in-nappa-trapuntata\/#breadcrumb","itemListElement":[{"@type":"ListItem","position":1,"name":"Home","item":"https:\/\/www.bastidapelletteria.com\/main\/"},{"@type":"ListItem","position":2,"name":"Shop","item":"https:\/\/www.bastidapelletteria.com\/main\/negozio\/"},{"@type":"ListItem","position":3,"name":"Borsa a tracolla piccola Baby Love Bag Puff in nappa trapuntata"}]},{"@type":"WebSite","@id":"https:\/\/www.bastidapelletteria.com\/main\/#website","url":"https:\/\/www.bastidapelletteria.com\/main\/","name":"Bastida Pelletteria Foligno","description":"negozio online di pelletteria, valigeria, borse e accessori dei migliori marchi","publisher":{"@id":"https:\/\/www.bastidapelletteria.com\/main\/#organization"},"potentialAction":[{"@type":"SearchAction","target":{"@type":"EntryPoint","urlTemplate":"https:\/\/www.bastidapelletteria.com\/main\/?s={search_term_string}"},"query-input":{"@type":"PropertyValueSpecification","valueRequired":true,"valueName":"search_term_string"}}],"inLanguage":"it-IT"},{"@type":"Organization","@id":"https:\/\/www.bastidapelletteria.com\/main\/#organization","name":"Bastida Pelletteria","url":"https:\/\/www.bastidapelletteria.com\/main\/","logo":{"@type":"ImageObject","inLanguage":"it-IT","@id":"https:\/\/www.bastidapelletteria.com\/main\/#\/schema\/logo\/image\/","url":"https:\/\/www.bastidapelletteria.com\/main\/wp-content\/uploads\/2017\/03\/logo-best.png","contentUrl":"https:\/\/www.bastidapelletteria.com\/main\/wp-content\/uploads\/2017\/03\/logo-best.png","width":367,"height":98,"caption":"Bastida Pelletteria"},"image":{"@id":"https:\/\/www.bastidapelletteria.com\/main\/#\/schema\/logo\/image\/"},"sameAs":["https:\/\/www.facebook.com\/bastida.pelletteria\/","https:\/\/www.instagram.com\/bastidapelletteria\/"]}]}},"_links":{"self":[{"href":"https:\/\/www.bastidapelletteria.com\/main\/wp-json\/wp\/v2\/product\/11266","targetHints":{"allow":["GET"]}}],"collection":[{"href":"https:\/\/www.bastidapelletteria.com\/main\/wp-json\/wp\/v2\/product"}],"about":[{"href":"https:\/\/www.bastidapelletteria.com\/main\/wp-json\/wp\/v2\/types\/product"}],"replies":[{"embeddable":true,"href":"https:\/\/www.bastidapelletteria.com\/main\/wp-json\/wp\/v2\/comments?post=11266"}],"wp:featuredmedia":[{"embeddable":true,"href":"https:\/\/www.bastidapelletteria.com\/main\/wp-json\/wp\/v2\/media\/11267"}],"wp:attachment":[{"href":"https:\/\/www.bastidapelletteria.com\/main\/wp-json\/wp\/v2\/media?parent=11266"}],"wp:term":[{"taxonomy":"product_cat","embeddable":true,"href":"https:\/\/www.bastidapelletteria.com\/main\/wp-json\/wp\/v2\/product_cat?post=11266"},{"taxonomy":"product_tag","embeddable":true,"href":"https:\/\/www.bastidapelletteria.com\/main\/wp-json\/wp\/v2\/product_tag?post=11266"}],"curies":[{"name":"wp","href":"https:\/\/api.w.org\/{rel}","templated":true}]}}