{"id":12951,"date":"2026-03-25T18:54:42","date_gmt":"2026-03-25T17:54:42","guid":{"rendered":"https:\/\/www.bastidapelletteria.com\/main\/?post_type=product&#038;p=12951"},"modified":"2026-03-28T18:32:18","modified_gmt":"2026-03-28T17:32:18","slug":"borsa-shopper-media-beach-in-canvas-con-logo-e-dettagli-sfrangiati-3","status":"publish","type":"product","link":"https:\/\/www.bastidapelletteria.com\/main\/prodotto\/borsa-shopper-media-beach-in-canvas-con-logo-e-dettagli-sfrangiati-3\/","title":{"rendered":"Borsa shopper media Beach in canvas con logo e dettagli sfrangiati"},"content":{"rendered":"<p>Borsa shopper Beach di medie dimensioni e dalla forma rettangolare leggermente allungata, realizzata in canvas e personalizzata con il logo lettering PINKO ricamato in tono sul davanti. Il modello, perfetto per essere utilizzato anche come borsa mare da portare in spiaggia, \u00e8 arricchito da bordi laterali con una decorazione a effetto attorcigliato e leggermente sfrangiata, ed \u00e8 dotato di un manico superiore con bordi interni sfrangiati per un indosso a mano oppure a spalla. La chiusura \u00e8 affidata invece a una zip che rivela un interno foderato in drill di cotone dotato di una comoda tasca a parete. <\/p>\n<p>Composizione:<br \/>\nTessuto Esterno: COTONE 100% &#8211; 1\u00b0 Tessuto Esterno: NYLON 50% POLIURETANICA 50% &#8211; Fodera: POLIESTERE 100%<br \/>\nMisure:<br \/>\nW: 0.7 g H: 47.0 cm W: 17.0 cm L: 38.0 cm<\/p>\n","protected":false},"excerpt":{"rendered":"<p>Borsa shopper Beach di medie dimensioni e dalla forma rettangolare leggermente allungata, realizzata in canvas e personalizzata con il logo lettering PINKO ricamato in tono sul davanti. COLORE NERO<\/p>\n","protected":false},"featured_media":12952,"comment_status":"closed","ping_status":"closed","template":"","meta":[],"product_cat":[65],"product_tag":[512,731,732,657,504,270,730],"class_list":{"0":"post-12951","1":"product","2":"type-product","3":"status-publish","4":"has-post-thumbnail","6":"product_brand-pinko","7":"product_cat-borse","8":"product_tag-borsa","9":"product_tag-borsa-da-spiaggia","10":"product_tag-borsa-da-spiaggia-pinko","11":"product_tag-borsa-pinko","12":"product_tag-pinko","13":"product_tag-shopper","14":"product_tag-shopper-pinko","16":"first","17":"instock","18":"sold-individually","19":"shipping-taxable","20":"purchasable","21":"product-type-simple"},"yoast_head":"<!-- This site is optimized with the Yoast SEO plugin v27.6 - https:\/\/yoast.com\/product\/yoast-seo-wordpress\/ -->\n<title>Borsa shopper media Beach in canvas con logo e dettagli sfrangiati - Bastida Pelletteria Foligno<\/title>\n<meta name=\"description\" content=\"Borsa shopper Beach di medie dimensioni e dalla forma rettangolare leggermente allungata, realizzata in canvas e personalizzata con il logo lettering PINKO ricamato in tono sul davanti. COLORE NERO\" \/>\n<meta name=\"robots\" content=\"index, follow, max-snippet:-1, max-image-preview:large, max-video-preview:-1\" \/>\n<link rel=\"canonical\" href=\"https:\/\/www.bastidapelletteria.com\/main\/prodotto\/borsa-shopper-media-beach-in-canvas-con-logo-e-dettagli-sfrangiati-3\/\" \/>\n<meta property=\"og:locale\" content=\"it_IT\" \/>\n<meta property=\"og:type\" content=\"article\" \/>\n<meta property=\"og:title\" content=\"Borsa shopper media Beach in canvas con logo e dettagli sfrangiati - Bastida Pelletteria Foligno\" \/>\n<meta property=\"og:description\" content=\"Borsa shopper Beach di medie dimensioni e dalla forma rettangolare leggermente allungata, realizzata in canvas e personalizzata con il logo lettering PINKO ricamato in tono sul davanti. COLORE NERO\" \/>\n<meta property=\"og:url\" content=\"https:\/\/www.bastidapelletteria.com\/main\/prodotto\/borsa-shopper-media-beach-in-canvas-con-logo-e-dettagli-sfrangiati-3\/\" \/>\n<meta property=\"og:site_name\" content=\"Bastida Pelletteria Foligno\" \/>\n<meta property=\"article:publisher\" content=\"https:\/\/www.facebook.com\/bastida.pelletteria\/\" \/>\n<meta property=\"article:modified_time\" content=\"2026-03-28T17:32:18+00:00\" \/>\n<meta property=\"og:image\" content=\"https:\/\/www.bastidapelletteria.com\/main\/wp-content\/uploads\/2026\/03\/BORSA-PINKO-1-4.jpg\" \/>\n\t<meta property=\"og:image:width\" content=\"1000\" \/>\n\t<meta property=\"og:image:height\" content=\"1249\" \/>\n\t<meta property=\"og:image:type\" content=\"image\/jpeg\" \/>\n<meta name=\"twitter:card\" content=\"summary_large_image\" \/>\n<meta name=\"twitter:label1\" content=\"Tempo di lettura stimato\" \/>\n\t<meta name=\"twitter:data1\" content=\"1 minuto\" \/>\n<script type=\"application\/ld+json\" class=\"yoast-schema-graph\">{\"@context\":\"https:\\\/\\\/schema.org\",\"@graph\":[{\"@type\":\"WebPage\",\"@id\":\"https:\\\/\\\/www.bastidapelletteria.com\\\/main\\\/prodotto\\\/borsa-shopper-media-beach-in-canvas-con-logo-e-dettagli-sfrangiati-3\\\/\",\"url\":\"https:\\\/\\\/www.bastidapelletteria.com\\\/main\\\/prodotto\\\/borsa-shopper-media-beach-in-canvas-con-logo-e-dettagli-sfrangiati-3\\\/\",\"name\":\"Borsa shopper media Beach in canvas con logo e dettagli sfrangiati - Bastida Pelletteria Foligno\",\"isPartOf\":{\"@id\":\"https:\\\/\\\/www.bastidapelletteria.com\\\/main\\\/#website\"},\"primaryImageOfPage\":{\"@id\":\"https:\\\/\\\/www.bastidapelletteria.com\\\/main\\\/prodotto\\\/borsa-shopper-media-beach-in-canvas-con-logo-e-dettagli-sfrangiati-3\\\/#primaryimage\"},\"image\":{\"@id\":\"https:\\\/\\\/www.bastidapelletteria.com\\\/main\\\/prodotto\\\/borsa-shopper-media-beach-in-canvas-con-logo-e-dettagli-sfrangiati-3\\\/#primaryimage\"},\"thumbnailUrl\":\"https:\\\/\\\/www.bastidapelletteria.com\\\/main\\\/wp-content\\\/uploads\\\/2026\\\/03\\\/BORSA-PINKO-1-4.jpg\",\"datePublished\":\"2026-03-25T17:54:42+00:00\",\"dateModified\":\"2026-03-28T17:32:18+00:00\",\"description\":\"Borsa shopper Beach di medie dimensioni e dalla forma rettangolare leggermente allungata, realizzata in canvas e personalizzata con il logo lettering PINKO ricamato in tono sul davanti. COLORE NERO\",\"breadcrumb\":{\"@id\":\"https:\\\/\\\/www.bastidapelletteria.com\\\/main\\\/prodotto\\\/borsa-shopper-media-beach-in-canvas-con-logo-e-dettagli-sfrangiati-3\\\/#breadcrumb\"},\"inLanguage\":\"it-IT\",\"potentialAction\":[{\"@type\":\"ReadAction\",\"target\":[\"https:\\\/\\\/www.bastidapelletteria.com\\\/main\\\/prodotto\\\/borsa-shopper-media-beach-in-canvas-con-logo-e-dettagli-sfrangiati-3\\\/\"]}]},{\"@type\":\"ImageObject\",\"inLanguage\":\"it-IT\",\"@id\":\"https:\\\/\\\/www.bastidapelletteria.com\\\/main\\\/prodotto\\\/borsa-shopper-media-beach-in-canvas-con-logo-e-dettagli-sfrangiati-3\\\/#primaryimage\",\"url\":\"https:\\\/\\\/www.bastidapelletteria.com\\\/main\\\/wp-content\\\/uploads\\\/2026\\\/03\\\/BORSA-PINKO-1-4.jpg\",\"contentUrl\":\"https:\\\/\\\/www.bastidapelletteria.com\\\/main\\\/wp-content\\\/uploads\\\/2026\\\/03\\\/BORSA-PINKO-1-4.jpg\",\"width\":1000,\"height\":1249,\"caption\":\"Borsa shopper Beach\"},{\"@type\":\"BreadcrumbList\",\"@id\":\"https:\\\/\\\/www.bastidapelletteria.com\\\/main\\\/prodotto\\\/borsa-shopper-media-beach-in-canvas-con-logo-e-dettagli-sfrangiati-3\\\/#breadcrumb\",\"itemListElement\":[{\"@type\":\"ListItem\",\"position\":1,\"name\":\"Home\",\"item\":\"https:\\\/\\\/www.bastidapelletteria.com\\\/main\\\/\"},{\"@type\":\"ListItem\",\"position\":2,\"name\":\"Shop\",\"item\":\"https:\\\/\\\/www.bastidapelletteria.com\\\/main\\\/negozio\\\/\"},{\"@type\":\"ListItem\",\"position\":3,\"name\":\"Borsa shopper media Beach in canvas con logo e dettagli sfrangiati\"}]},{\"@type\":\"WebSite\",\"@id\":\"https:\\\/\\\/www.bastidapelletteria.com\\\/main\\\/#website\",\"url\":\"https:\\\/\\\/www.bastidapelletteria.com\\\/main\\\/\",\"name\":\"Bastida Pelletteria Foligno\",\"description\":\"negozio online di pelletteria, valigeria, borse e accessori dei migliori marchi\",\"publisher\":{\"@id\":\"https:\\\/\\\/www.bastidapelletteria.com\\\/main\\\/#organization\"},\"potentialAction\":[{\"@type\":\"SearchAction\",\"target\":{\"@type\":\"EntryPoint\",\"urlTemplate\":\"https:\\\/\\\/www.bastidapelletteria.com\\\/main\\\/?s={search_term_string}\"},\"query-input\":{\"@type\":\"PropertyValueSpecification\",\"valueRequired\":true,\"valueName\":\"search_term_string\"}}],\"inLanguage\":\"it-IT\"},{\"@type\":\"Organization\",\"@id\":\"https:\\\/\\\/www.bastidapelletteria.com\\\/main\\\/#organization\",\"name\":\"Bastida Pelletteria\",\"url\":\"https:\\\/\\\/www.bastidapelletteria.com\\\/main\\\/\",\"logo\":{\"@type\":\"ImageObject\",\"inLanguage\":\"it-IT\",\"@id\":\"https:\\\/\\\/www.bastidapelletteria.com\\\/main\\\/#\\\/schema\\\/logo\\\/image\\\/\",\"url\":\"https:\\\/\\\/www.bastidapelletteria.com\\\/main\\\/wp-content\\\/uploads\\\/2017\\\/03\\\/logo-best.png\",\"contentUrl\":\"https:\\\/\\\/www.bastidapelletteria.com\\\/main\\\/wp-content\\\/uploads\\\/2017\\\/03\\\/logo-best.png\",\"width\":367,\"height\":98,\"caption\":\"Bastida Pelletteria\"},\"image\":{\"@id\":\"https:\\\/\\\/www.bastidapelletteria.com\\\/main\\\/#\\\/schema\\\/logo\\\/image\\\/\"},\"sameAs\":[\"https:\\\/\\\/www.facebook.com\\\/bastida.pelletteria\\\/\",\"https:\\\/\\\/www.instagram.com\\\/bastidapelletteria\\\/\"]}]}<\/script>\n<!-- \/ Yoast SEO plugin. -->","yoast_head_json":{"title":"Borsa shopper media Beach in canvas con logo e dettagli sfrangiati - Bastida Pelletteria Foligno","description":"Borsa shopper Beach di medie dimensioni e dalla forma rettangolare leggermente allungata, realizzata in canvas e personalizzata con il logo lettering PINKO ricamato in tono sul davanti. COLORE NERO","robots":{"index":"index","follow":"follow","max-snippet":"max-snippet:-1","max-image-preview":"max-image-preview:large","max-video-preview":"max-video-preview:-1"},"canonical":"https:\/\/www.bastidapelletteria.com\/main\/prodotto\/borsa-shopper-media-beach-in-canvas-con-logo-e-dettagli-sfrangiati-3\/","og_locale":"it_IT","og_type":"article","og_title":"Borsa shopper media Beach in canvas con logo e dettagli sfrangiati - Bastida Pelletteria Foligno","og_description":"Borsa shopper Beach di medie dimensioni e dalla forma rettangolare leggermente allungata, realizzata in canvas e personalizzata con il logo lettering PINKO ricamato in tono sul davanti. COLORE NERO","og_url":"https:\/\/www.bastidapelletteria.com\/main\/prodotto\/borsa-shopper-media-beach-in-canvas-con-logo-e-dettagli-sfrangiati-3\/","og_site_name":"Bastida Pelletteria Foligno","article_publisher":"https:\/\/www.facebook.com\/bastida.pelletteria\/","article_modified_time":"2026-03-28T17:32:18+00:00","og_image":[{"width":1000,"height":1249,"url":"https:\/\/www.bastidapelletteria.com\/main\/wp-content\/uploads\/2026\/03\/BORSA-PINKO-1-4.jpg","type":"image\/jpeg"}],"twitter_card":"summary_large_image","twitter_misc":{"Tempo di lettura stimato":"1 minuto"},"schema":{"@context":"https:\/\/schema.org","@graph":[{"@type":"WebPage","@id":"https:\/\/www.bastidapelletteria.com\/main\/prodotto\/borsa-shopper-media-beach-in-canvas-con-logo-e-dettagli-sfrangiati-3\/","url":"https:\/\/www.bastidapelletteria.com\/main\/prodotto\/borsa-shopper-media-beach-in-canvas-con-logo-e-dettagli-sfrangiati-3\/","name":"Borsa shopper media Beach in canvas con logo e dettagli sfrangiati - Bastida Pelletteria Foligno","isPartOf":{"@id":"https:\/\/www.bastidapelletteria.com\/main\/#website"},"primaryImageOfPage":{"@id":"https:\/\/www.bastidapelletteria.com\/main\/prodotto\/borsa-shopper-media-beach-in-canvas-con-logo-e-dettagli-sfrangiati-3\/#primaryimage"},"image":{"@id":"https:\/\/www.bastidapelletteria.com\/main\/prodotto\/borsa-shopper-media-beach-in-canvas-con-logo-e-dettagli-sfrangiati-3\/#primaryimage"},"thumbnailUrl":"https:\/\/www.bastidapelletteria.com\/main\/wp-content\/uploads\/2026\/03\/BORSA-PINKO-1-4.jpg","datePublished":"2026-03-25T17:54:42+00:00","dateModified":"2026-03-28T17:32:18+00:00","description":"Borsa shopper Beach di medie dimensioni e dalla forma rettangolare leggermente allungata, realizzata in canvas e personalizzata con il logo lettering PINKO ricamato in tono sul davanti. COLORE NERO","breadcrumb":{"@id":"https:\/\/www.bastidapelletteria.com\/main\/prodotto\/borsa-shopper-media-beach-in-canvas-con-logo-e-dettagli-sfrangiati-3\/#breadcrumb"},"inLanguage":"it-IT","potentialAction":[{"@type":"ReadAction","target":["https:\/\/www.bastidapelletteria.com\/main\/prodotto\/borsa-shopper-media-beach-in-canvas-con-logo-e-dettagli-sfrangiati-3\/"]}]},{"@type":"ImageObject","inLanguage":"it-IT","@id":"https:\/\/www.bastidapelletteria.com\/main\/prodotto\/borsa-shopper-media-beach-in-canvas-con-logo-e-dettagli-sfrangiati-3\/#primaryimage","url":"https:\/\/www.bastidapelletteria.com\/main\/wp-content\/uploads\/2026\/03\/BORSA-PINKO-1-4.jpg","contentUrl":"https:\/\/www.bastidapelletteria.com\/main\/wp-content\/uploads\/2026\/03\/BORSA-PINKO-1-4.jpg","width":1000,"height":1249,"caption":"Borsa shopper Beach"},{"@type":"BreadcrumbList","@id":"https:\/\/www.bastidapelletteria.com\/main\/prodotto\/borsa-shopper-media-beach-in-canvas-con-logo-e-dettagli-sfrangiati-3\/#breadcrumb","itemListElement":[{"@type":"ListItem","position":1,"name":"Home","item":"https:\/\/www.bastidapelletteria.com\/main\/"},{"@type":"ListItem","position":2,"name":"Shop","item":"https:\/\/www.bastidapelletteria.com\/main\/negozio\/"},{"@type":"ListItem","position":3,"name":"Borsa shopper media Beach in canvas con logo e dettagli sfrangiati"}]},{"@type":"WebSite","@id":"https:\/\/www.bastidapelletteria.com\/main\/#website","url":"https:\/\/www.bastidapelletteria.com\/main\/","name":"Bastida Pelletteria Foligno","description":"negozio online di pelletteria, valigeria, borse e accessori dei migliori marchi","publisher":{"@id":"https:\/\/www.bastidapelletteria.com\/main\/#organization"},"potentialAction":[{"@type":"SearchAction","target":{"@type":"EntryPoint","urlTemplate":"https:\/\/www.bastidapelletteria.com\/main\/?s={search_term_string}"},"query-input":{"@type":"PropertyValueSpecification","valueRequired":true,"valueName":"search_term_string"}}],"inLanguage":"it-IT"},{"@type":"Organization","@id":"https:\/\/www.bastidapelletteria.com\/main\/#organization","name":"Bastida Pelletteria","url":"https:\/\/www.bastidapelletteria.com\/main\/","logo":{"@type":"ImageObject","inLanguage":"it-IT","@id":"https:\/\/www.bastidapelletteria.com\/main\/#\/schema\/logo\/image\/","url":"https:\/\/www.bastidapelletteria.com\/main\/wp-content\/uploads\/2017\/03\/logo-best.png","contentUrl":"https:\/\/www.bastidapelletteria.com\/main\/wp-content\/uploads\/2017\/03\/logo-best.png","width":367,"height":98,"caption":"Bastida Pelletteria"},"image":{"@id":"https:\/\/www.bastidapelletteria.com\/main\/#\/schema\/logo\/image\/"},"sameAs":["https:\/\/www.facebook.com\/bastida.pelletteria\/","https:\/\/www.instagram.com\/bastidapelletteria\/"]}]}},"_links":{"self":[{"href":"https:\/\/www.bastidapelletteria.com\/main\/wp-json\/wp\/v2\/product\/12951","targetHints":{"allow":["GET"]}}],"collection":[{"href":"https:\/\/www.bastidapelletteria.com\/main\/wp-json\/wp\/v2\/product"}],"about":[{"href":"https:\/\/www.bastidapelletteria.com\/main\/wp-json\/wp\/v2\/types\/product"}],"replies":[{"embeddable":true,"href":"https:\/\/www.bastidapelletteria.com\/main\/wp-json\/wp\/v2\/comments?post=12951"}],"wp:featuredmedia":[{"embeddable":true,"href":"https:\/\/www.bastidapelletteria.com\/main\/wp-json\/wp\/v2\/media\/12952"}],"wp:attachment":[{"href":"https:\/\/www.bastidapelletteria.com\/main\/wp-json\/wp\/v2\/media?parent=12951"}],"wp:term":[{"taxonomy":"product_cat","embeddable":true,"href":"https:\/\/www.bastidapelletteria.com\/main\/wp-json\/wp\/v2\/product_cat?post=12951"},{"taxonomy":"product_tag","embeddable":true,"href":"https:\/\/www.bastidapelletteria.com\/main\/wp-json\/wp\/v2\/product_tag?post=12951"}],"curies":[{"name":"wp","href":"https:\/\/api.w.org\/{rel}","templated":true}]}}