{"id":13184,"date":"2026-04-03T18:42:00","date_gmt":"2026-04-03T16:42:00","guid":{"rendered":"https:\/\/www.bastidapelletteria.com\/main\/?post_type=product&#038;p=13184"},"modified":"2026-04-03T18:59:37","modified_gmt":"2026-04-03T16:59:37","slug":"pochette-collezione-bella-5","status":"publish","type":"product","link":"https:\/\/www.bastidapelletteria.com\/main\/prodotto\/pochette-collezione-bella-5\/","title":{"rendered":"Pochette Collezione Bella"},"content":{"rendered":"<p>Una borsa dal design lineare ed elegante che permette di portare con s\u00e9 il necessario nelle serate piene di impegni. Il pellame d\u00e0 un tocco grintoso e alla moda; comodissima da indossare a spalla con la leziosa catena, pu\u00f2 anche trasformarsi in pochette durante gli aperitivi con le amiche portandola a mano. <\/p>\n<p>Altezza prodotto (cm) 18<br \/>\nLarghezza prodotto (cm) 28<br \/>\nProfondit\u00e0 prodotto (cm) 1<br \/>\nPeso (Kg) 0,280<\/p>\n<p>Dettagli interni: scomparto singolo con taschino.<br \/>\nDettagli esterni: logo stampato a fuoco colore oro.<br \/>\nCatena: rimovibile in metallo colore oro, con drop 24 cm.<br \/>\nBracciale: rimovibile..<br \/>\nTracolla: rimovibile e regolabile.<br \/>\nChiusura: zip in metallo colore oro.<br \/>\nFodera: personalizzata.<br \/>\nConfezione: l&#8217;articolo \u00e8 dotato di cartellino di autenticit\u00e0 e protetto all&#8217;interno di una dust bag. Perfetto per un regalo.<\/p>\n<p>Il palmellato \u00e8 una particolare trama della pelle di vitello, realizzata imprimendo sul pellame il tipico motivo che lo contraddistingue. Il trattamento finale rende la pelle pi\u00f9 resistente e quindi pi\u00f9 pratica, conferendo agli accessori un&#8217;eleganza senza tempo.<\/p>\n","protected":false},"excerpt":{"rendered":"<p>Una borsa dal design lineare ed elegante che permette di portare con s\u00e9 il necessario nelle serate piene di impegni. Il pellame d\u00e0 un tocco grintoso e alla moda; comodissima da indossare a spalla con la leziosa catena, pu\u00f2 anche trasformarsi in pochette durante gli aperitivi con le amiche portandola a mano. COLORE ARANCIO<\/p>\n","protected":false},"featured_media":13185,"comment_status":"closed","ping_status":"closed","template":"","meta":[],"product_cat":[65,595],"product_tag":[326,579,299,244,597,598,249,627,628],"class_list":{"0":"post-13184","1":"product","2":"type-product","3":"status-publish","4":"has-post-thumbnail","6":"product_brand-cuoieria-fiorentina","7":"product_cat-borse","8":"product_cat-pochette","9":"product_tag-borsa-a-mano","10":"product_tag-borsa-a-mano-in-pelle","11":"product_tag-borsa-a-spalla","12":"product_tag-borsa-a-tracolla","13":"product_tag-borsa-cuoieria-fiorentina","14":"product_tag-cuoieria-fiorentina","15":"product_tag-pochette","16":"product_tag-pochette-collezione-bella","17":"product_tag-pochette-cuoieria-fiorentina","19":"first","20":"instock","21":"sold-individually","22":"shipping-taxable","23":"purchasable","24":"product-type-simple"},"yoast_head":"<!-- This site is optimized with the Yoast SEO plugin v27.2 - https:\/\/yoast.com\/product\/yoast-seo-wordpress\/ -->\n<title>Pochette Collezione Bella - Bastida Pelletteria Foligno<\/title>\n<meta name=\"description\" content=\"Una borsa dal design lineare ed elegante che permette di portare con s\u00e9 il necessario nelle serate piene di impegni. Il pellame d\u00e0 un tocco grintoso e alla moda; comodissima da indossare a spalla con la leziosa catena, pu\u00f2 anche trasformarsi in pochette durante gli aperitivi con le amiche portandola a mano. COLORE ARANCIO\" \/>\n<meta name=\"robots\" content=\"index, follow, max-snippet:-1, max-image-preview:large, max-video-preview:-1\" \/>\n<link rel=\"canonical\" href=\"https:\/\/www.bastidapelletteria.com\/main\/prodotto\/pochette-collezione-bella-5\/\" \/>\n<meta property=\"og:locale\" content=\"it_IT\" \/>\n<meta property=\"og:type\" content=\"article\" \/>\n<meta property=\"og:title\" content=\"Pochette Collezione Bella - Bastida Pelletteria Foligno\" \/>\n<meta property=\"og:description\" content=\"Una borsa dal design lineare ed elegante che permette di portare con s\u00e9 il necessario nelle serate piene di impegni. Il pellame d\u00e0 un tocco grintoso e alla moda; comodissima da indossare a spalla con la leziosa catena, pu\u00f2 anche trasformarsi in pochette durante gli aperitivi con le amiche portandola a mano. COLORE ARANCIO\" \/>\n<meta property=\"og:url\" content=\"https:\/\/www.bastidapelletteria.com\/main\/prodotto\/pochette-collezione-bella-5\/\" \/>\n<meta property=\"og:site_name\" content=\"Bastida Pelletteria Foligno\" \/>\n<meta property=\"article:publisher\" content=\"https:\/\/www.facebook.com\/bastida.pelletteria\/\" \/>\n<meta property=\"article:modified_time\" content=\"2026-04-03T16:59:37+00:00\" \/>\n<meta property=\"og:image\" content=\"https:\/\/www.bastidapelletteria.com\/main\/wp-content\/uploads\/2026\/04\/BORSA-CUOIERIA-5.jpg\" \/>\n\t<meta property=\"og:image:width\" content=\"1000\" \/>\n\t<meta property=\"og:image:height\" content=\"1263\" \/>\n\t<meta property=\"og:image:type\" content=\"image\/jpeg\" \/>\n<meta name=\"twitter:card\" content=\"summary_large_image\" \/>\n<meta name=\"twitter:label1\" content=\"Tempo di lettura stimato\" \/>\n\t<meta name=\"twitter:data1\" content=\"2 minuti\" \/>\n<script type=\"application\/ld+json\" class=\"yoast-schema-graph\">{\"@context\":\"https:\/\/schema.org\",\"@graph\":[{\"@type\":\"WebPage\",\"@id\":\"https:\/\/www.bastidapelletteria.com\/main\/prodotto\/pochette-collezione-bella-5\/\",\"url\":\"https:\/\/www.bastidapelletteria.com\/main\/prodotto\/pochette-collezione-bella-5\/\",\"name\":\"Pochette Collezione Bella - Bastida Pelletteria Foligno\",\"isPartOf\":{\"@id\":\"https:\/\/www.bastidapelletteria.com\/main\/#website\"},\"primaryImageOfPage\":{\"@id\":\"https:\/\/www.bastidapelletteria.com\/main\/prodotto\/pochette-collezione-bella-5\/#primaryimage\"},\"image\":{\"@id\":\"https:\/\/www.bastidapelletteria.com\/main\/prodotto\/pochette-collezione-bella-5\/#primaryimage\"},\"thumbnailUrl\":\"https:\/\/www.bastidapelletteria.com\/main\/wp-content\/uploads\/2026\/04\/BORSA-CUOIERIA-5.jpg\",\"datePublished\":\"2026-04-03T16:42:00+00:00\",\"dateModified\":\"2026-04-03T16:59:37+00:00\",\"description\":\"Una borsa dal design lineare ed elegante che permette di portare con s\u00e9 il necessario nelle serate piene di impegni. Il pellame d\u00e0 un tocco grintoso e alla moda; comodissima da indossare a spalla con la leziosa catena, pu\u00f2 anche trasformarsi in pochette durante gli aperitivi con le amiche portandola a mano. COLORE ARANCIO\",\"breadcrumb\":{\"@id\":\"https:\/\/www.bastidapelletteria.com\/main\/prodotto\/pochette-collezione-bella-5\/#breadcrumb\"},\"inLanguage\":\"it-IT\",\"potentialAction\":[{\"@type\":\"ReadAction\",\"target\":[\"https:\/\/www.bastidapelletteria.com\/main\/prodotto\/pochette-collezione-bella-5\/\"]}]},{\"@type\":\"ImageObject\",\"inLanguage\":\"it-IT\",\"@id\":\"https:\/\/www.bastidapelletteria.com\/main\/prodotto\/pochette-collezione-bella-5\/#primaryimage\",\"url\":\"https:\/\/www.bastidapelletteria.com\/main\/wp-content\/uploads\/2026\/04\/BORSA-CUOIERIA-5.jpg\",\"contentUrl\":\"https:\/\/www.bastidapelletteria.com\/main\/wp-content\/uploads\/2026\/04\/BORSA-CUOIERIA-5.jpg\",\"width\":1000,\"height\":1263,\"caption\":\"pochette collezione bella\"},{\"@type\":\"BreadcrumbList\",\"@id\":\"https:\/\/www.bastidapelletteria.com\/main\/prodotto\/pochette-collezione-bella-5\/#breadcrumb\",\"itemListElement\":[{\"@type\":\"ListItem\",\"position\":1,\"name\":\"Home\",\"item\":\"https:\/\/www.bastidapelletteria.com\/main\/\"},{\"@type\":\"ListItem\",\"position\":2,\"name\":\"Shop\",\"item\":\"https:\/\/www.bastidapelletteria.com\/main\/negozio\/\"},{\"@type\":\"ListItem\",\"position\":3,\"name\":\"Pochette Collezione Bella\"}]},{\"@type\":\"WebSite\",\"@id\":\"https:\/\/www.bastidapelletteria.com\/main\/#website\",\"url\":\"https:\/\/www.bastidapelletteria.com\/main\/\",\"name\":\"Bastida Pelletteria Foligno\",\"description\":\"negozio online di pelletteria, valigeria, borse e accessori dei migliori marchi\",\"publisher\":{\"@id\":\"https:\/\/www.bastidapelletteria.com\/main\/#organization\"},\"potentialAction\":[{\"@type\":\"SearchAction\",\"target\":{\"@type\":\"EntryPoint\",\"urlTemplate\":\"https:\/\/www.bastidapelletteria.com\/main\/?s={search_term_string}\"},\"query-input\":{\"@type\":\"PropertyValueSpecification\",\"valueRequired\":true,\"valueName\":\"search_term_string\"}}],\"inLanguage\":\"it-IT\"},{\"@type\":\"Organization\",\"@id\":\"https:\/\/www.bastidapelletteria.com\/main\/#organization\",\"name\":\"Bastida Pelletteria\",\"url\":\"https:\/\/www.bastidapelletteria.com\/main\/\",\"logo\":{\"@type\":\"ImageObject\",\"inLanguage\":\"it-IT\",\"@id\":\"https:\/\/www.bastidapelletteria.com\/main\/#\/schema\/logo\/image\/\",\"url\":\"https:\/\/www.bastidapelletteria.com\/main\/wp-content\/uploads\/2017\/03\/logo-best.png\",\"contentUrl\":\"https:\/\/www.bastidapelletteria.com\/main\/wp-content\/uploads\/2017\/03\/logo-best.png\",\"width\":367,\"height\":98,\"caption\":\"Bastida Pelletteria\"},\"image\":{\"@id\":\"https:\/\/www.bastidapelletteria.com\/main\/#\/schema\/logo\/image\/\"},\"sameAs\":[\"https:\/\/www.facebook.com\/bastida.pelletteria\/\",\"https:\/\/www.instagram.com\/bastidapelletteria\/\"]}]}<\/script>\n<!-- \/ Yoast SEO plugin. -->","yoast_head_json":{"title":"Pochette Collezione Bella - Bastida Pelletteria Foligno","description":"Una borsa dal design lineare ed elegante che permette di portare con s\u00e9 il necessario nelle serate piene di impegni. Il pellame d\u00e0 un tocco grintoso e alla moda; comodissima da indossare a spalla con la leziosa catena, pu\u00f2 anche trasformarsi in pochette durante gli aperitivi con le amiche portandola a mano. COLORE ARANCIO","robots":{"index":"index","follow":"follow","max-snippet":"max-snippet:-1","max-image-preview":"max-image-preview:large","max-video-preview":"max-video-preview:-1"},"canonical":"https:\/\/www.bastidapelletteria.com\/main\/prodotto\/pochette-collezione-bella-5\/","og_locale":"it_IT","og_type":"article","og_title":"Pochette Collezione Bella - Bastida Pelletteria Foligno","og_description":"Una borsa dal design lineare ed elegante che permette di portare con s\u00e9 il necessario nelle serate piene di impegni. Il pellame d\u00e0 un tocco grintoso e alla moda; comodissima da indossare a spalla con la leziosa catena, pu\u00f2 anche trasformarsi in pochette durante gli aperitivi con le amiche portandola a mano. COLORE ARANCIO","og_url":"https:\/\/www.bastidapelletteria.com\/main\/prodotto\/pochette-collezione-bella-5\/","og_site_name":"Bastida Pelletteria Foligno","article_publisher":"https:\/\/www.facebook.com\/bastida.pelletteria\/","article_modified_time":"2026-04-03T16:59:37+00:00","og_image":[{"width":1000,"height":1263,"url":"https:\/\/www.bastidapelletteria.com\/main\/wp-content\/uploads\/2026\/04\/BORSA-CUOIERIA-5.jpg","type":"image\/jpeg"}],"twitter_card":"summary_large_image","twitter_misc":{"Tempo di lettura stimato":"2 minuti"},"schema":{"@context":"https:\/\/schema.org","@graph":[{"@type":"WebPage","@id":"https:\/\/www.bastidapelletteria.com\/main\/prodotto\/pochette-collezione-bella-5\/","url":"https:\/\/www.bastidapelletteria.com\/main\/prodotto\/pochette-collezione-bella-5\/","name":"Pochette Collezione Bella - Bastida Pelletteria Foligno","isPartOf":{"@id":"https:\/\/www.bastidapelletteria.com\/main\/#website"},"primaryImageOfPage":{"@id":"https:\/\/www.bastidapelletteria.com\/main\/prodotto\/pochette-collezione-bella-5\/#primaryimage"},"image":{"@id":"https:\/\/www.bastidapelletteria.com\/main\/prodotto\/pochette-collezione-bella-5\/#primaryimage"},"thumbnailUrl":"https:\/\/www.bastidapelletteria.com\/main\/wp-content\/uploads\/2026\/04\/BORSA-CUOIERIA-5.jpg","datePublished":"2026-04-03T16:42:00+00:00","dateModified":"2026-04-03T16:59:37+00:00","description":"Una borsa dal design lineare ed elegante che permette di portare con s\u00e9 il necessario nelle serate piene di impegni. Il pellame d\u00e0 un tocco grintoso e alla moda; comodissima da indossare a spalla con la leziosa catena, pu\u00f2 anche trasformarsi in pochette durante gli aperitivi con le amiche portandola a mano. COLORE ARANCIO","breadcrumb":{"@id":"https:\/\/www.bastidapelletteria.com\/main\/prodotto\/pochette-collezione-bella-5\/#breadcrumb"},"inLanguage":"it-IT","potentialAction":[{"@type":"ReadAction","target":["https:\/\/www.bastidapelletteria.com\/main\/prodotto\/pochette-collezione-bella-5\/"]}]},{"@type":"ImageObject","inLanguage":"it-IT","@id":"https:\/\/www.bastidapelletteria.com\/main\/prodotto\/pochette-collezione-bella-5\/#primaryimage","url":"https:\/\/www.bastidapelletteria.com\/main\/wp-content\/uploads\/2026\/04\/BORSA-CUOIERIA-5.jpg","contentUrl":"https:\/\/www.bastidapelletteria.com\/main\/wp-content\/uploads\/2026\/04\/BORSA-CUOIERIA-5.jpg","width":1000,"height":1263,"caption":"pochette collezione bella"},{"@type":"BreadcrumbList","@id":"https:\/\/www.bastidapelletteria.com\/main\/prodotto\/pochette-collezione-bella-5\/#breadcrumb","itemListElement":[{"@type":"ListItem","position":1,"name":"Home","item":"https:\/\/www.bastidapelletteria.com\/main\/"},{"@type":"ListItem","position":2,"name":"Shop","item":"https:\/\/www.bastidapelletteria.com\/main\/negozio\/"},{"@type":"ListItem","position":3,"name":"Pochette Collezione Bella"}]},{"@type":"WebSite","@id":"https:\/\/www.bastidapelletteria.com\/main\/#website","url":"https:\/\/www.bastidapelletteria.com\/main\/","name":"Bastida Pelletteria Foligno","description":"negozio online di pelletteria, valigeria, borse e accessori dei migliori marchi","publisher":{"@id":"https:\/\/www.bastidapelletteria.com\/main\/#organization"},"potentialAction":[{"@type":"SearchAction","target":{"@type":"EntryPoint","urlTemplate":"https:\/\/www.bastidapelletteria.com\/main\/?s={search_term_string}"},"query-input":{"@type":"PropertyValueSpecification","valueRequired":true,"valueName":"search_term_string"}}],"inLanguage":"it-IT"},{"@type":"Organization","@id":"https:\/\/www.bastidapelletteria.com\/main\/#organization","name":"Bastida Pelletteria","url":"https:\/\/www.bastidapelletteria.com\/main\/","logo":{"@type":"ImageObject","inLanguage":"it-IT","@id":"https:\/\/www.bastidapelletteria.com\/main\/#\/schema\/logo\/image\/","url":"https:\/\/www.bastidapelletteria.com\/main\/wp-content\/uploads\/2017\/03\/logo-best.png","contentUrl":"https:\/\/www.bastidapelletteria.com\/main\/wp-content\/uploads\/2017\/03\/logo-best.png","width":367,"height":98,"caption":"Bastida Pelletteria"},"image":{"@id":"https:\/\/www.bastidapelletteria.com\/main\/#\/schema\/logo\/image\/"},"sameAs":["https:\/\/www.facebook.com\/bastida.pelletteria\/","https:\/\/www.instagram.com\/bastidapelletteria\/"]}]}},"_links":{"self":[{"href":"https:\/\/www.bastidapelletteria.com\/main\/wp-json\/wp\/v2\/product\/13184","targetHints":{"allow":["GET"]}}],"collection":[{"href":"https:\/\/www.bastidapelletteria.com\/main\/wp-json\/wp\/v2\/product"}],"about":[{"href":"https:\/\/www.bastidapelletteria.com\/main\/wp-json\/wp\/v2\/types\/product"}],"replies":[{"embeddable":true,"href":"https:\/\/www.bastidapelletteria.com\/main\/wp-json\/wp\/v2\/comments?post=13184"}],"wp:featuredmedia":[{"embeddable":true,"href":"https:\/\/www.bastidapelletteria.com\/main\/wp-json\/wp\/v2\/media\/13185"}],"wp:attachment":[{"href":"https:\/\/www.bastidapelletteria.com\/main\/wp-json\/wp\/v2\/media?parent=13184"}],"wp:term":[{"taxonomy":"product_cat","embeddable":true,"href":"https:\/\/www.bastidapelletteria.com\/main\/wp-json\/wp\/v2\/product_cat?post=13184"},{"taxonomy":"product_tag","embeddable":true,"href":"https:\/\/www.bastidapelletteria.com\/main\/wp-json\/wp\/v2\/product_tag?post=13184"}],"curies":[{"name":"wp","href":"https:\/\/api.w.org\/{rel}","templated":true}]}}