{"id":13547,"date":"2026-05-13T12:18:11","date_gmt":"2026-05-13T10:18:11","guid":{"rendered":"https:\/\/www.bastidapelletteria.com\/main\/?post_type=product&#038;p=13547"},"modified":"2026-05-13T12:43:48","modified_gmt":"2026-05-13T10:43:48","slug":"zaino-in-pelle-porta-pc-uomo-due-zip","status":"publish","type":"product","link":"https:\/\/www.bastidapelletteria.com\/main\/prodotto\/zaino-in-pelle-porta-pc-uomo-due-zip\/","title":{"rendered":"Zaino in pelle porta pc uomo due zip"},"content":{"rendered":"<p>Lo Zaino uomo in pelle a due zip porta pc 13&#8221; Galileo \u00e8 la soluzione ideale per chi cerca un accessorio professionale snello, organizzato e dal carattere distintivo. Realizzato nella pregiata pelle The Bridge, questo modello combina il fascino del cuoio artigianale con una struttura tecnica pensata per la mobilit\u00e0 urbana. La sua particolarit\u00e0 risiede nella doppia chiusura con zip che divide lo spazio in due sezioni ben distinte. Una parte \u00e8 dedicata esclusivamente alla protezione della tecnologia, con un vano imbottito per un laptop da 13&#8221;, mentre l&#8217;altra \u00e8 pensata per ospitare documenti e oggetti personali in modo ordinato. Gli spallacci regolabili garantiscono un comfort ottimale durante tutto il giorno, rendendo questo zaino un investimento di qualit\u00e0.<\/p>\n<p>Descrizione:<br \/>\n-Zaino uomo in pelle The Bridge, due zip, tasca frontale e scomparto PC.<br \/>\n-Codice prodotto: 061026011A<br \/>\nCaratteristiche: TASCA PORTAOCCHIALI, TASCA PORTA CELLULARE, PASSANTE POSTERIORE, TASCA PORTA COMPUTER<br \/>\nMateriale : PELLE BOVINA<br \/>\nDimensioni : 41.0&#215;30.0x13.0 cm<\/p>\n","protected":false},"excerpt":{"rendered":"<p>Lo Zaino uomo in pelle a due zip porta pc 13&#8221; Galileo \u00e8 la soluzione ideale per chi cerca un accessorio professionale snello, organizzato e dal carattere distintivo. Realizzato nella pregiata pelle The Bridge, questo modello combina il fascino del cuoio artigianale con una struttura tecnica pensata per la mobilit\u00e0 urbana. COLORE MARRONE\/RUTENIO SCURO<\/p>\n","protected":false},"featured_media":13548,"comment_status":"closed","ping_status":"closed","template":"","meta":[],"product_cat":[226],"product_tag":[],"class_list":{"0":"post-13547","1":"product","2":"type-product","3":"status-publish","4":"has-post-thumbnail","6":"product_brand-the-bridge","7":"product_cat-zaini","9":"first","10":"instock","11":"sold-individually","12":"shipping-taxable","13":"purchasable","14":"product-type-simple"},"yoast_head":"<!-- This site is optimized with the Yoast SEO plugin v27.5 - https:\/\/yoast.com\/product\/yoast-seo-wordpress\/ -->\n<title>Zaino in pelle porta pc uomo due zip - Bastida Pelletteria Foligno<\/title>\n<meta name=\"description\" content=\"Lo Zaino uomo in pelle a due zip porta pc 13&#039;&#039; Galileo \u00e8 la soluzione ideale per chi cerca un accessorio professionale snello, organizzato e dal carattere distintivo. Realizzato nella pregiata pelle The Bridge, questo modello combina il fascino del cuoio artigianale con una struttura tecnica pensata per la mobilit\u00e0 urbana. COLORE MARRONE\/RUTENIO SCURO\" \/>\n<meta name=\"robots\" content=\"index, follow, max-snippet:-1, max-image-preview:large, max-video-preview:-1\" \/>\n<link rel=\"canonical\" href=\"https:\/\/www.bastidapelletteria.com\/main\/prodotto\/zaino-in-pelle-porta-pc-uomo-due-zip\/\" \/>\n<meta property=\"og:locale\" content=\"it_IT\" \/>\n<meta property=\"og:type\" content=\"article\" \/>\n<meta property=\"og:title\" content=\"Zaino in pelle porta pc uomo due zip - Bastida Pelletteria Foligno\" \/>\n<meta property=\"og:description\" content=\"Lo Zaino uomo in pelle a due zip porta pc 13&#039;&#039; Galileo \u00e8 la soluzione ideale per chi cerca un accessorio professionale snello, organizzato e dal carattere distintivo. Realizzato nella pregiata pelle The Bridge, questo modello combina il fascino del cuoio artigianale con una struttura tecnica pensata per la mobilit\u00e0 urbana. COLORE MARRONE\/RUTENIO SCURO\" \/>\n<meta property=\"og:url\" content=\"https:\/\/www.bastidapelletteria.com\/main\/prodotto\/zaino-in-pelle-porta-pc-uomo-due-zip\/\" \/>\n<meta property=\"og:site_name\" content=\"Bastida Pelletteria Foligno\" \/>\n<meta property=\"article:publisher\" content=\"https:\/\/www.facebook.com\/bastida.pelletteria\/\" \/>\n<meta property=\"article:modified_time\" content=\"2026-05-13T10:43:48+00:00\" \/>\n<meta property=\"og:image\" content=\"https:\/\/www.bastidapelletteria.com\/main\/wp-content\/uploads\/2026\/05\/ZAINO-THE-BRIDGE-5.jpg\" \/>\n\t<meta property=\"og:image:width\" content=\"1000\" \/>\n\t<meta property=\"og:image:height\" content=\"1143\" \/>\n\t<meta property=\"og:image:type\" content=\"image\/jpeg\" \/>\n<meta name=\"twitter:card\" content=\"summary_large_image\" \/>\n<meta name=\"twitter:label1\" content=\"Tempo di lettura stimato\" \/>\n\t<meta name=\"twitter:data1\" content=\"1 minuto\" \/>\n<script type=\"application\/ld+json\" class=\"yoast-schema-graph\">{\"@context\":\"https:\\\/\\\/schema.org\",\"@graph\":[{\"@type\":\"WebPage\",\"@id\":\"https:\\\/\\\/www.bastidapelletteria.com\\\/main\\\/prodotto\\\/zaino-in-pelle-porta-pc-uomo-due-zip\\\/\",\"url\":\"https:\\\/\\\/www.bastidapelletteria.com\\\/main\\\/prodotto\\\/zaino-in-pelle-porta-pc-uomo-due-zip\\\/\",\"name\":\"Zaino in pelle porta pc uomo due zip - Bastida Pelletteria Foligno\",\"isPartOf\":{\"@id\":\"https:\\\/\\\/www.bastidapelletteria.com\\\/main\\\/#website\"},\"primaryImageOfPage\":{\"@id\":\"https:\\\/\\\/www.bastidapelletteria.com\\\/main\\\/prodotto\\\/zaino-in-pelle-porta-pc-uomo-due-zip\\\/#primaryimage\"},\"image\":{\"@id\":\"https:\\\/\\\/www.bastidapelletteria.com\\\/main\\\/prodotto\\\/zaino-in-pelle-porta-pc-uomo-due-zip\\\/#primaryimage\"},\"thumbnailUrl\":\"https:\\\/\\\/www.bastidapelletteria.com\\\/main\\\/wp-content\\\/uploads\\\/2026\\\/05\\\/ZAINO-THE-BRIDGE-5.jpg\",\"datePublished\":\"2026-05-13T10:18:11+00:00\",\"dateModified\":\"2026-05-13T10:43:48+00:00\",\"description\":\"Lo Zaino uomo in pelle a due zip porta pc 13'' Galileo \u00e8 la soluzione ideale per chi cerca un accessorio professionale snello, organizzato e dal carattere distintivo. Realizzato nella pregiata pelle The Bridge, questo modello combina il fascino del cuoio artigianale con una struttura tecnica pensata per la mobilit\u00e0 urbana. COLORE MARRONE\\\/RUTENIO SCURO\",\"breadcrumb\":{\"@id\":\"https:\\\/\\\/www.bastidapelletteria.com\\\/main\\\/prodotto\\\/zaino-in-pelle-porta-pc-uomo-due-zip\\\/#breadcrumb\"},\"inLanguage\":\"it-IT\",\"potentialAction\":[{\"@type\":\"ReadAction\",\"target\":[\"https:\\\/\\\/www.bastidapelletteria.com\\\/main\\\/prodotto\\\/zaino-in-pelle-porta-pc-uomo-due-zip\\\/\"]}]},{\"@type\":\"ImageObject\",\"inLanguage\":\"it-IT\",\"@id\":\"https:\\\/\\\/www.bastidapelletteria.com\\\/main\\\/prodotto\\\/zaino-in-pelle-porta-pc-uomo-due-zip\\\/#primaryimage\",\"url\":\"https:\\\/\\\/www.bastidapelletteria.com\\\/main\\\/wp-content\\\/uploads\\\/2026\\\/05\\\/ZAINO-THE-BRIDGE-5.jpg\",\"contentUrl\":\"https:\\\/\\\/www.bastidapelletteria.com\\\/main\\\/wp-content\\\/uploads\\\/2026\\\/05\\\/ZAINO-THE-BRIDGE-5.jpg\",\"width\":1000,\"height\":1143,\"caption\":\"Lo Zaino uomo in pelle a due zip porta pc 13\"},{\"@type\":\"BreadcrumbList\",\"@id\":\"https:\\\/\\\/www.bastidapelletteria.com\\\/main\\\/prodotto\\\/zaino-in-pelle-porta-pc-uomo-due-zip\\\/#breadcrumb\",\"itemListElement\":[{\"@type\":\"ListItem\",\"position\":1,\"name\":\"Home\",\"item\":\"https:\\\/\\\/www.bastidapelletteria.com\\\/main\\\/\"},{\"@type\":\"ListItem\",\"position\":2,\"name\":\"Shop\",\"item\":\"https:\\\/\\\/www.bastidapelletteria.com\\\/main\\\/negozio\\\/\"},{\"@type\":\"ListItem\",\"position\":3,\"name\":\"Zaino in pelle porta pc uomo due zip\"}]},{\"@type\":\"WebSite\",\"@id\":\"https:\\\/\\\/www.bastidapelletteria.com\\\/main\\\/#website\",\"url\":\"https:\\\/\\\/www.bastidapelletteria.com\\\/main\\\/\",\"name\":\"Bastida Pelletteria Foligno\",\"description\":\"negozio online di pelletteria, valigeria, borse e accessori dei migliori marchi\",\"publisher\":{\"@id\":\"https:\\\/\\\/www.bastidapelletteria.com\\\/main\\\/#organization\"},\"potentialAction\":[{\"@type\":\"SearchAction\",\"target\":{\"@type\":\"EntryPoint\",\"urlTemplate\":\"https:\\\/\\\/www.bastidapelletteria.com\\\/main\\\/?s={search_term_string}\"},\"query-input\":{\"@type\":\"PropertyValueSpecification\",\"valueRequired\":true,\"valueName\":\"search_term_string\"}}],\"inLanguage\":\"it-IT\"},{\"@type\":\"Organization\",\"@id\":\"https:\\\/\\\/www.bastidapelletteria.com\\\/main\\\/#organization\",\"name\":\"Bastida Pelletteria\",\"url\":\"https:\\\/\\\/www.bastidapelletteria.com\\\/main\\\/\",\"logo\":{\"@type\":\"ImageObject\",\"inLanguage\":\"it-IT\",\"@id\":\"https:\\\/\\\/www.bastidapelletteria.com\\\/main\\\/#\\\/schema\\\/logo\\\/image\\\/\",\"url\":\"https:\\\/\\\/www.bastidapelletteria.com\\\/main\\\/wp-content\\\/uploads\\\/2017\\\/03\\\/logo-best.png\",\"contentUrl\":\"https:\\\/\\\/www.bastidapelletteria.com\\\/main\\\/wp-content\\\/uploads\\\/2017\\\/03\\\/logo-best.png\",\"width\":367,\"height\":98,\"caption\":\"Bastida Pelletteria\"},\"image\":{\"@id\":\"https:\\\/\\\/www.bastidapelletteria.com\\\/main\\\/#\\\/schema\\\/logo\\\/image\\\/\"},\"sameAs\":[\"https:\\\/\\\/www.facebook.com\\\/bastida.pelletteria\\\/\",\"https:\\\/\\\/www.instagram.com\\\/bastidapelletteria\\\/\"]}]}<\/script>\n<!-- \/ Yoast SEO plugin. -->","yoast_head_json":{"title":"Zaino in pelle porta pc uomo due zip - Bastida Pelletteria Foligno","description":"Lo Zaino uomo in pelle a due zip porta pc 13'' Galileo \u00e8 la soluzione ideale per chi cerca un accessorio professionale snello, organizzato e dal carattere distintivo. Realizzato nella pregiata pelle The Bridge, questo modello combina il fascino del cuoio artigianale con una struttura tecnica pensata per la mobilit\u00e0 urbana. COLORE MARRONE\/RUTENIO SCURO","robots":{"index":"index","follow":"follow","max-snippet":"max-snippet:-1","max-image-preview":"max-image-preview:large","max-video-preview":"max-video-preview:-1"},"canonical":"https:\/\/www.bastidapelletteria.com\/main\/prodotto\/zaino-in-pelle-porta-pc-uomo-due-zip\/","og_locale":"it_IT","og_type":"article","og_title":"Zaino in pelle porta pc uomo due zip - Bastida Pelletteria Foligno","og_description":"Lo Zaino uomo in pelle a due zip porta pc 13'' Galileo \u00e8 la soluzione ideale per chi cerca un accessorio professionale snello, organizzato e dal carattere distintivo. Realizzato nella pregiata pelle The Bridge, questo modello combina il fascino del cuoio artigianale con una struttura tecnica pensata per la mobilit\u00e0 urbana. COLORE MARRONE\/RUTENIO SCURO","og_url":"https:\/\/www.bastidapelletteria.com\/main\/prodotto\/zaino-in-pelle-porta-pc-uomo-due-zip\/","og_site_name":"Bastida Pelletteria Foligno","article_publisher":"https:\/\/www.facebook.com\/bastida.pelletteria\/","article_modified_time":"2026-05-13T10:43:48+00:00","og_image":[{"width":1000,"height":1143,"url":"https:\/\/www.bastidapelletteria.com\/main\/wp-content\/uploads\/2026\/05\/ZAINO-THE-BRIDGE-5.jpg","type":"image\/jpeg"}],"twitter_card":"summary_large_image","twitter_misc":{"Tempo di lettura stimato":"1 minuto"},"schema":{"@context":"https:\/\/schema.org","@graph":[{"@type":"WebPage","@id":"https:\/\/www.bastidapelletteria.com\/main\/prodotto\/zaino-in-pelle-porta-pc-uomo-due-zip\/","url":"https:\/\/www.bastidapelletteria.com\/main\/prodotto\/zaino-in-pelle-porta-pc-uomo-due-zip\/","name":"Zaino in pelle porta pc uomo due zip - Bastida Pelletteria Foligno","isPartOf":{"@id":"https:\/\/www.bastidapelletteria.com\/main\/#website"},"primaryImageOfPage":{"@id":"https:\/\/www.bastidapelletteria.com\/main\/prodotto\/zaino-in-pelle-porta-pc-uomo-due-zip\/#primaryimage"},"image":{"@id":"https:\/\/www.bastidapelletteria.com\/main\/prodotto\/zaino-in-pelle-porta-pc-uomo-due-zip\/#primaryimage"},"thumbnailUrl":"https:\/\/www.bastidapelletteria.com\/main\/wp-content\/uploads\/2026\/05\/ZAINO-THE-BRIDGE-5.jpg","datePublished":"2026-05-13T10:18:11+00:00","dateModified":"2026-05-13T10:43:48+00:00","description":"Lo Zaino uomo in pelle a due zip porta pc 13'' Galileo \u00e8 la soluzione ideale per chi cerca un accessorio professionale snello, organizzato e dal carattere distintivo. Realizzato nella pregiata pelle The Bridge, questo modello combina il fascino del cuoio artigianale con una struttura tecnica pensata per la mobilit\u00e0 urbana. COLORE MARRONE\/RUTENIO SCURO","breadcrumb":{"@id":"https:\/\/www.bastidapelletteria.com\/main\/prodotto\/zaino-in-pelle-porta-pc-uomo-due-zip\/#breadcrumb"},"inLanguage":"it-IT","potentialAction":[{"@type":"ReadAction","target":["https:\/\/www.bastidapelletteria.com\/main\/prodotto\/zaino-in-pelle-porta-pc-uomo-due-zip\/"]}]},{"@type":"ImageObject","inLanguage":"it-IT","@id":"https:\/\/www.bastidapelletteria.com\/main\/prodotto\/zaino-in-pelle-porta-pc-uomo-due-zip\/#primaryimage","url":"https:\/\/www.bastidapelletteria.com\/main\/wp-content\/uploads\/2026\/05\/ZAINO-THE-BRIDGE-5.jpg","contentUrl":"https:\/\/www.bastidapelletteria.com\/main\/wp-content\/uploads\/2026\/05\/ZAINO-THE-BRIDGE-5.jpg","width":1000,"height":1143,"caption":"Lo Zaino uomo in pelle a due zip porta pc 13"},{"@type":"BreadcrumbList","@id":"https:\/\/www.bastidapelletteria.com\/main\/prodotto\/zaino-in-pelle-porta-pc-uomo-due-zip\/#breadcrumb","itemListElement":[{"@type":"ListItem","position":1,"name":"Home","item":"https:\/\/www.bastidapelletteria.com\/main\/"},{"@type":"ListItem","position":2,"name":"Shop","item":"https:\/\/www.bastidapelletteria.com\/main\/negozio\/"},{"@type":"ListItem","position":3,"name":"Zaino in pelle porta pc uomo due zip"}]},{"@type":"WebSite","@id":"https:\/\/www.bastidapelletteria.com\/main\/#website","url":"https:\/\/www.bastidapelletteria.com\/main\/","name":"Bastida Pelletteria Foligno","description":"negozio online di pelletteria, valigeria, borse e accessori dei migliori marchi","publisher":{"@id":"https:\/\/www.bastidapelletteria.com\/main\/#organization"},"potentialAction":[{"@type":"SearchAction","target":{"@type":"EntryPoint","urlTemplate":"https:\/\/www.bastidapelletteria.com\/main\/?s={search_term_string}"},"query-input":{"@type":"PropertyValueSpecification","valueRequired":true,"valueName":"search_term_string"}}],"inLanguage":"it-IT"},{"@type":"Organization","@id":"https:\/\/www.bastidapelletteria.com\/main\/#organization","name":"Bastida Pelletteria","url":"https:\/\/www.bastidapelletteria.com\/main\/","logo":{"@type":"ImageObject","inLanguage":"it-IT","@id":"https:\/\/www.bastidapelletteria.com\/main\/#\/schema\/logo\/image\/","url":"https:\/\/www.bastidapelletteria.com\/main\/wp-content\/uploads\/2017\/03\/logo-best.png","contentUrl":"https:\/\/www.bastidapelletteria.com\/main\/wp-content\/uploads\/2017\/03\/logo-best.png","width":367,"height":98,"caption":"Bastida Pelletteria"},"image":{"@id":"https:\/\/www.bastidapelletteria.com\/main\/#\/schema\/logo\/image\/"},"sameAs":["https:\/\/www.facebook.com\/bastida.pelletteria\/","https:\/\/www.instagram.com\/bastidapelletteria\/"]}]}},"_links":{"self":[{"href":"https:\/\/www.bastidapelletteria.com\/main\/wp-json\/wp\/v2\/product\/13547","targetHints":{"allow":["GET"]}}],"collection":[{"href":"https:\/\/www.bastidapelletteria.com\/main\/wp-json\/wp\/v2\/product"}],"about":[{"href":"https:\/\/www.bastidapelletteria.com\/main\/wp-json\/wp\/v2\/types\/product"}],"replies":[{"embeddable":true,"href":"https:\/\/www.bastidapelletteria.com\/main\/wp-json\/wp\/v2\/comments?post=13547"}],"wp:featuredmedia":[{"embeddable":true,"href":"https:\/\/www.bastidapelletteria.com\/main\/wp-json\/wp\/v2\/media\/13548"}],"wp:attachment":[{"href":"https:\/\/www.bastidapelletteria.com\/main\/wp-json\/wp\/v2\/media?parent=13547"}],"wp:term":[{"taxonomy":"product_cat","embeddable":true,"href":"https:\/\/www.bastidapelletteria.com\/main\/wp-json\/wp\/v2\/product_cat?post=13547"},{"taxonomy":"product_tag","embeddable":true,"href":"https:\/\/www.bastidapelletteria.com\/main\/wp-json\/wp\/v2\/product_tag?post=13547"}],"curies":[{"name":"wp","href":"https:\/\/api.w.org\/{rel}","templated":true}]}}